{"id":9359,"date":"2021-03-24T13:57:18","date_gmt":"2021-03-24T12:57:18","guid":{"rendered":"https:\/\/juhls.wpenginepowered.com\/vare-kolleksjoner\/uncategorized\/risku-solje-nr-kori60_03\/"},"modified":"2026-04-19T13:08:47","modified_gmt":"2026-04-19T11:08:47","slug":"risku-solje-nr-kori60_03","status":"publish","type":"product","link":"https:\/\/www.juhls.no\/en\/vare-kolleksjoner\/silver-for-sami-clothing\/risku-solje-38-65cm\/risku-solje-nr-kori60_03\/","title":{"rendered":"Risku\/S\u00f8lje Nr. KoRi60_03"},"content":{"rendered":"","protected":false},"excerpt":{"rendered":"<p>Her lilla i mitdten og B8 m\u00f8rkebl\u00e5 rundt<\/p>\n<p>S\u00f8lv 925S,L\u00f8v 830<br \/>\nSt\u00f8rrelse: 6cm i diameter<\/p>\n<p class=\"p1\">Valget i nedtrekksmenyen bestemmer midterste stein. Dersom ikke annet oppgis, vil alle steinene ha samme farge. \u00d8nsker du en annen fargekombinasjon, kan dette skrives i meldingsfeltet ved betaling.<\/p>\n","protected":false},"featured_media":6893,"template":"","meta":{"_acf_changed":false},"product_cat":[1167,669],"class_list":{"0":"post-9359","1":"product","2":"type-product","3":"status-publish","4":"has-post-thumbnail","6":"product_cat-risku-solje-38-65cm","7":"product_cat-silver-for-sami-clothing","9":"first","10":"instock","11":"taxable","12":"shipping-taxable","13":"purchasable","14":"product-type-variable"},"acf":[],"_links":{"self":[{"href":"https:\/\/www.juhls.no\/en\/wp-json\/wp\/v2\/product\/9359","targetHints":{"allow":["GET"]}}],"collection":[{"href":"https:\/\/www.juhls.no\/en\/wp-json\/wp\/v2\/product"}],"about":[{"href":"https:\/\/www.juhls.no\/en\/wp-json\/wp\/v2\/types\/product"}],"wp:featuredmedia":[{"embeddable":true,"href":"https:\/\/www.juhls.no\/en\/wp-json\/wp\/v2\/media\/6893"}],"wp:attachment":[{"href":"https:\/\/www.juhls.no\/en\/wp-json\/wp\/v2\/media?parent=9359"}],"wp:term":[{"taxonomy":"product_cat","embeddable":true,"href":"https:\/\/www.juhls.no\/en\/wp-json\/wp\/v2\/product_cat?post=9359"}],"curies":[{"name":"wp","href":"https:\/\/api.w.org\/{rel}","templated":true}]}}