{"id":9338,"date":"2021-03-24T13:57:35","date_gmt":"2021-03-24T12:57:35","guid":{"rendered":"https:\/\/juhls.wpenginepowered.com\/?post_type=product&#038;p=9338"},"modified":"2026-04-20T18:34:19","modified_gmt":"2026-04-20T16:34:19","slug":"harspenne-nr-hard","status":"publish","type":"product","link":"https:\/\/www.juhls.no\/en\/vare-kolleksjoner\/silver-for-sami-clothing\/h-rspenne\/harspenne-nr-hard\/","title":{"rendered":"H\u00e5rspenne Nr. H\u00e5rD"},"content":{"rendered":"","protected":false},"excerpt":{"rendered":"<p>S\u00f8lv 925S p\u00e5 vanlig h\u00e5rklemme.<\/p>\n<p>Pris per par<\/p>\n","protected":false},"featured_media":0,"template":"","meta":{"_acf_changed":false},"product_cat":[1217,669],"class_list":{"0":"post-9338","1":"product","2":"type-product","3":"status-publish","5":"product_cat-h-rspenne","6":"product_cat-silver-for-sami-clothing","8":"first","9":"instock","10":"taxable","11":"shipping-taxable","12":"purchasable","13":"product-type-variable"},"acf":[],"_links":{"self":[{"href":"https:\/\/www.juhls.no\/en\/wp-json\/wp\/v2\/product\/9338","targetHints":{"allow":["GET"]}}],"collection":[{"href":"https:\/\/www.juhls.no\/en\/wp-json\/wp\/v2\/product"}],"about":[{"href":"https:\/\/www.juhls.no\/en\/wp-json\/wp\/v2\/types\/product"}],"wp:attachment":[{"href":"https:\/\/www.juhls.no\/en\/wp-json\/wp\/v2\/media?parent=9338"}],"wp:term":[{"taxonomy":"product_cat","embeddable":true,"href":"https:\/\/www.juhls.no\/en\/wp-json\/wp\/v2\/product_cat?post=9338"}],"curies":[{"name":"wp","href":"https:\/\/api.w.org\/{rel}","templated":true}]}}