{"id":9197,"date":"2021-03-24T13:58:52","date_gmt":"2021-03-24T12:58:52","guid":{"rendered":"https:\/\/juhls.wpenginepowered.com\/vare-kolleksjoner\/uncategorized\/komsekule-nr-2\/"},"modified":"2026-04-15T13:56:32","modified_gmt":"2026-04-15T11:56:32","slug":"komsekule-nr-2","status":"publish","type":"product","link":"https:\/\/www.juhls.no\/en\/vare-kolleksjoner\/historical\/amulet\/komsekule-nr-2\/","title":{"rendered":"Komsekule Nr. 2"},"content":{"rendered":"","protected":false},"excerpt":{"rendered":"<p>Den st\u00f8rste av v\u00e5re komsekuler. Et fantastisk stykke h\u00e5ndarbeid! Med 9 ringer.<br \/>\nS\u00f8lv 925S<br \/>\nDiameter: ca 40 mm<\/p>\n","protected":false},"featured_media":6855,"template":"","meta":{"_acf_changed":false},"product_cat":[683,677],"class_list":{"0":"post-9197","1":"product","2":"type-product","3":"status-publish","4":"has-post-thumbnail","6":"product_cat-amulet","7":"product_cat-historical","9":"first","10":"instock","11":"taxable","12":"shipping-taxable","13":"purchasable","14":"product-type-variable"},"acf":[],"_links":{"self":[{"href":"https:\/\/www.juhls.no\/en\/wp-json\/wp\/v2\/product\/9197","targetHints":{"allow":["GET"]}}],"collection":[{"href":"https:\/\/www.juhls.no\/en\/wp-json\/wp\/v2\/product"}],"about":[{"href":"https:\/\/www.juhls.no\/en\/wp-json\/wp\/v2\/types\/product"}],"wp:featuredmedia":[{"embeddable":true,"href":"https:\/\/www.juhls.no\/en\/wp-json\/wp\/v2\/media\/6855"}],"wp:attachment":[{"href":"https:\/\/www.juhls.no\/en\/wp-json\/wp\/v2\/media?parent=9197"}],"wp:term":[{"taxonomy":"product_cat","embeddable":true,"href":"https:\/\/www.juhls.no\/en\/wp-json\/wp\/v2\/product_cat?post=9197"}],"curies":[{"name":"wp","href":"https:\/\/api.w.org\/{rel}","templated":true}]}}