{"id":9189,"date":"2021-03-24T13:58:54","date_gmt":"2021-03-24T12:58:54","guid":{"rendered":"https:\/\/juhls.wpenginepowered.com\/vare-kolleksjoner\/uncategorized\/komsekule-nr-5\/"},"modified":"2026-04-26T15:03:40","modified_gmt":"2026-04-26T13:03:40","slug":"komsekule-nr-5","status":"publish","type":"product","link":"https:\/\/www.juhls.no\/en\/vare-kolleksjoner\/historical\/amulet\/komsekule-nr-5\/","title":{"rendered":"Komsekule Nr. 5"},"content":{"rendered":"","protected":false},"excerpt":{"rendered":"<p>En liten fin komsekule med kun 5 ringer<br \/>\nS\u00f8lv 925S<br \/>\nDiameter: ca 25 mm<\/p>\n<p class=\"p1\">N\u00e5r du velger lengde p\u00e5 komse kulen, kan det v\u00e6re greit \u00e5 huske at den, p\u00e5 grunn av sin form, er vakrest n\u00e5r den henger rett under bysten slik at kulen f\u00e5r henge fritt.<\/p>\n","protected":false},"featured_media":6859,"template":"","meta":{"_acf_changed":false},"product_cat":[683,677],"class_list":{"0":"post-9189","1":"product","2":"type-product","3":"status-publish","4":"has-post-thumbnail","6":"product_cat-amulet","7":"product_cat-historical","9":"first","10":"instock","11":"taxable","12":"shipping-taxable","13":"purchasable","14":"product-type-variable"},"acf":[],"_links":{"self":[{"href":"https:\/\/www.juhls.no\/en\/wp-json\/wp\/v2\/product\/9189","targetHints":{"allow":["GET"]}}],"collection":[{"href":"https:\/\/www.juhls.no\/en\/wp-json\/wp\/v2\/product"}],"about":[{"href":"https:\/\/www.juhls.no\/en\/wp-json\/wp\/v2\/types\/product"}],"wp:featuredmedia":[{"embeddable":true,"href":"https:\/\/www.juhls.no\/en\/wp-json\/wp\/v2\/media\/6859"}],"wp:attachment":[{"href":"https:\/\/www.juhls.no\/en\/wp-json\/wp\/v2\/media?parent=9189"}],"wp:term":[{"taxonomy":"product_cat","embeddable":true,"href":"https:\/\/www.juhls.no\/en\/wp-json\/wp\/v2\/product_cat?post=9189"}],"curies":[{"name":"wp","href":"https:\/\/api.w.org\/{rel}","templated":true}]}}