{"id":9181,"date":"2021-03-24T13:58:56","date_gmt":"2021-03-24T12:58:56","guid":{"rendered":"https:\/\/juhls.wpenginepowered.com\/vare-kolleksjoner\/uncategorized\/komsekule-nr-7\/"},"modified":"2026-04-26T15:05:12","modified_gmt":"2026-04-26T13:05:12","slug":"komsekule-nr-7","status":"publish","type":"product","link":"https:\/\/www.juhls.no\/en\/vare-kolleksjoner\/historical\/amulet\/komsekule-nr-7\/","title":{"rendered":"Komsekule Nr. 7"},"content":{"rendered":"","protected":false},"excerpt":{"rendered":"<p>Komsekule med fin &#8220;trambolering&#8221; &#8211; graveringsm\u00f8nster og fem rombel\u00f8v med korsknopping.<br \/>\nS\u00f8lv 925S<br \/>\nDiameter: ca 30 mm<\/p>\n<p class=\"p1\">N\u00e5r du velger lengde p\u00e5 komse kulen, kan det v\u00e6re greit \u00e5 huske at den, p\u00e5 grunn av sin form, er vakrest n\u00e5r den henger rett under bysten slik at kulen f\u00e5r henge fritt.<\/p>\n","protected":false},"featured_media":6863,"template":"","meta":{"_acf_changed":false},"product_cat":[683,677],"class_list":{"0":"post-9181","1":"product","2":"type-product","3":"status-publish","4":"has-post-thumbnail","6":"product_cat-amulet","7":"product_cat-historical","9":"first","10":"instock","11":"taxable","12":"shipping-taxable","13":"purchasable","14":"product-type-variable"},"acf":[],"_links":{"self":[{"href":"https:\/\/www.juhls.no\/en\/wp-json\/wp\/v2\/product\/9181","targetHints":{"allow":["GET"]}}],"collection":[{"href":"https:\/\/www.juhls.no\/en\/wp-json\/wp\/v2\/product"}],"about":[{"href":"https:\/\/www.juhls.no\/en\/wp-json\/wp\/v2\/types\/product"}],"wp:featuredmedia":[{"embeddable":true,"href":"https:\/\/www.juhls.no\/en\/wp-json\/wp\/v2\/media\/6863"}],"wp:attachment":[{"href":"https:\/\/www.juhls.no\/en\/wp-json\/wp\/v2\/media?parent=9181"}],"wp:term":[{"taxonomy":"product_cat","embeddable":true,"href":"https:\/\/www.juhls.no\/en\/wp-json\/wp\/v2\/product_cat?post=9181"}],"curies":[{"name":"wp","href":"https:\/\/api.w.org\/{rel}","templated":true}]}}