{"id":8920,"date":"2021-03-24T13:59:53","date_gmt":"2021-03-24T12:59:53","guid":{"rendered":"https:\/\/juhls.wpenginepowered.com\/vare-kolleksjoner\/uncategorized\/orepynt-nr-155\/"},"modified":"2026-04-15T13:57:44","modified_gmt":"2026-04-15T11:57:44","slug":"orepynt-nr-155","status":"publish","type":"product","link":"https:\/\/www.juhls.no\/en\/vare-kolleksjoner\/historical\/earring\/orepynt-nr-155\/","title":{"rendered":"\u00d8repynt Nr. 155 s\u00f8lv"},"content":{"rendered":"","protected":false},"excerpt":{"rendered":"<p>S\u00f8lv 925S l\u00f8v 830<\/p>\n<p>St\u00f8rrelse: ca 20 x 52 mm (inkl. krok)<\/p>\n","protected":false},"featured_media":0,"template":"","meta":{"_acf_changed":false},"product_cat":[668,677],"class_list":{"0":"post-8920","1":"product","2":"type-product","3":"status-publish","5":"product_cat-earring","6":"product_cat-historical","8":"first","9":"instock","10":"taxable","11":"shipping-taxable","12":"purchasable","13":"product-type-simple"},"acf":[],"_links":{"self":[{"href":"https:\/\/www.juhls.no\/en\/wp-json\/wp\/v2\/product\/8920","targetHints":{"allow":["GET"]}}],"collection":[{"href":"https:\/\/www.juhls.no\/en\/wp-json\/wp\/v2\/product"}],"about":[{"href":"https:\/\/www.juhls.no\/en\/wp-json\/wp\/v2\/types\/product"}],"wp:attachment":[{"href":"https:\/\/www.juhls.no\/en\/wp-json\/wp\/v2\/media?parent=8920"}],"wp:term":[{"taxonomy":"product_cat","embeddable":true,"href":"https:\/\/www.juhls.no\/en\/wp-json\/wp\/v2\/product_cat?post=8920"}],"curies":[{"name":"wp","href":"https:\/\/api.w.org\/{rel}","templated":true}]}}