{"id":8914,"date":"2021-03-24T13:59:58","date_gmt":"2021-03-24T12:59:58","guid":{"rendered":"https:\/\/juhls.wpenginepowered.com\/vare-kolleksjoner\/uncategorized\/orepynt-nr-162\/"},"modified":"2026-04-14T18:27:01","modified_gmt":"2026-04-14T16:27:01","slug":"orepynt-nr-162","status":"publish","type":"product","link":"https:\/\/www.juhls.no\/en\/vare-kolleksjoner\/historical\/earring\/orepynt-nr-162\/","title":{"rendered":"Earrings No. 162 s\u00f8lv"},"content":{"rendered":"","protected":false},"excerpt":{"rendered":"<p>S\u00f8lv 925S l\u00f8v 830<\/p>\n<p>St\u00f8rrelse: ca 19 x 55 mm (inkl. krok)<\/p>\n","protected":false},"featured_media":9418,"template":"","meta":{"_acf_changed":false},"product_cat":[668,677,669,1158],"class_list":{"0":"post-8914","1":"product","2":"type-product","3":"status-publish","4":"has-post-thumbnail","6":"product_cat-earring","7":"product_cat-historical","8":"product_cat-silver-for-sami-clothing","9":"product_cat-orepynt","11":"first","12":"instock","13":"taxable","14":"shipping-taxable","15":"purchasable","16":"product-type-simple"},"acf":[],"_links":{"self":[{"href":"https:\/\/www.juhls.no\/en\/wp-json\/wp\/v2\/product\/8914","targetHints":{"allow":["GET"]}}],"collection":[{"href":"https:\/\/www.juhls.no\/en\/wp-json\/wp\/v2\/product"}],"about":[{"href":"https:\/\/www.juhls.no\/en\/wp-json\/wp\/v2\/types\/product"}],"wp:featuredmedia":[{"embeddable":true,"href":"https:\/\/www.juhls.no\/en\/wp-json\/wp\/v2\/media\/9418"}],"wp:attachment":[{"href":"https:\/\/www.juhls.no\/en\/wp-json\/wp\/v2\/media?parent=8914"}],"wp:term":[{"taxonomy":"product_cat","embeddable":true,"href":"https:\/\/www.juhls.no\/en\/wp-json\/wp\/v2\/product_cat?post=8914"}],"curies":[{"name":"wp","href":"https:\/\/api.w.org\/{rel}","templated":true}]}}