{"id":8913,"date":"2021-03-24T13:59:59","date_gmt":"2021-03-24T12:59:59","guid":{"rendered":"https:\/\/juhls.wpenginepowered.com\/vare-kolleksjoner\/uncategorized\/orepynt-nr-162-forgylt\/"},"modified":"2026-04-15T13:57:45","modified_gmt":"2026-04-15T11:57:45","slug":"orepynt-nr-162-forgylt","status":"publish","type":"product","link":"https:\/\/www.juhls.no\/en\/vare-kolleksjoner\/historical\/earring\/orepynt-nr-162-forgylt\/","title":{"rendered":"\u00d8repynt Nr. 162 forgylt"},"content":{"rendered":"","protected":false},"excerpt":{"rendered":"<p>S\u00f8lv 925S med forgylte l\u00f8v 830<\/p>\n<p>St\u00f8rrelse: ca 19 x 55 mm (inkl. krok)<\/p>\n","protected":false},"featured_media":9420,"template":"","meta":{"_acf_changed":false},"product_cat":[668,677],"class_list":{"0":"post-8913","1":"product","2":"type-product","3":"status-publish","4":"has-post-thumbnail","6":"product_cat-earring","7":"product_cat-historical","9":"first","10":"instock","11":"taxable","12":"shipping-taxable","13":"purchasable","14":"product-type-simple"},"acf":[],"_links":{"self":[{"href":"https:\/\/www.juhls.no\/en\/wp-json\/wp\/v2\/product\/8913","targetHints":{"allow":["GET"]}}],"collection":[{"href":"https:\/\/www.juhls.no\/en\/wp-json\/wp\/v2\/product"}],"about":[{"href":"https:\/\/www.juhls.no\/en\/wp-json\/wp\/v2\/types\/product"}],"wp:featuredmedia":[{"embeddable":true,"href":"https:\/\/www.juhls.no\/en\/wp-json\/wp\/v2\/media\/9420"}],"wp:attachment":[{"href":"https:\/\/www.juhls.no\/en\/wp-json\/wp\/v2\/media?parent=8913"}],"wp:term":[{"taxonomy":"product_cat","embeddable":true,"href":"https:\/\/www.juhls.no\/en\/wp-json\/wp\/v2\/product_cat?post=8913"}],"curies":[{"name":"wp","href":"https:\/\/api.w.org\/{rel}","templated":true}]}}