{"id":8764,"date":"2021-06-02T16:59:54","date_gmt":"2021-06-02T14:59:54","guid":{"rendered":"https:\/\/juhls.wpenginepowered.com\/?post_type=product&#038;p=8764"},"modified":"2026-04-16T15:30:12","modified_gmt":"2026-04-16T13:30:12","slug":"altabunad-komplett-sett-nr-ab10","status":"publish","type":"product","link":"https:\/\/www.juhls.no\/en\/vare-kolleksjoner\/bunad-silver\/altabunad\/altabunad-komplett-sett-nr-ab10\/","title":{"rendered":"Nr. AB10 Komplett sett Oksidert"},"content":{"rendered":"","protected":false},"excerpt":{"rendered":"<p>Komplett sett. Du trenger kun hoved s\u00f8lja, hals s\u00f8lja og mansjettknapper for \u00e5 kunne bruke bunaden. Dette utgj\u00f8r det komplette settet. Alt annet er valgfritt<\/p>\n<p>S\u00f8lv 925S oksidert<\/p>\n","protected":false},"featured_media":0,"template":"","meta":{"_acf_changed":false},"product_cat":[1134],"class_list":{"0":"post-8764","1":"product","2":"type-product","3":"status-publish","5":"product_cat-altabunad","7":"first","8":"instock","9":"taxable","10":"shipping-taxable","11":"purchasable","12":"product-type-simple"},"acf":[],"_links":{"self":[{"href":"https:\/\/www.juhls.no\/en\/wp-json\/wp\/v2\/product\/8764","targetHints":{"allow":["GET"]}}],"collection":[{"href":"https:\/\/www.juhls.no\/en\/wp-json\/wp\/v2\/product"}],"about":[{"href":"https:\/\/www.juhls.no\/en\/wp-json\/wp\/v2\/types\/product"}],"wp:attachment":[{"href":"https:\/\/www.juhls.no\/en\/wp-json\/wp\/v2\/media?parent=8764"}],"wp:term":[{"taxonomy":"product_cat","embeddable":true,"href":"https:\/\/www.juhls.no\/en\/wp-json\/wp\/v2\/product_cat?post=8764"}],"curies":[{"name":"wp","href":"https:\/\/api.w.org\/{rel}","templated":true}]}}