{"id":8758,"date":"2021-06-02T17:00:04","date_gmt":"2021-06-02T15:00:04","guid":{"rendered":"https:\/\/juhls.wpenginepowered.com\/?post_type=product&#038;p=8758"},"modified":"2026-03-25T11:02:07","modified_gmt":"2026-03-25T10:02:07","slug":"altabunad-herre-sma-knapper-10-stk-nr-ab13","status":"publish","type":"product","link":"https:\/\/www.juhls.no\/en\/vare-kolleksjoner\/bunad-silver\/altabunad\/altabunad-herre-sma-knapper-10-stk-nr-ab13\/","title":{"rendered":"Nr. AB13 Herre Sm\u00e5 knapper (10 stk)Oksidert"},"content":{"rendered":"","protected":false},"excerpt":{"rendered":"<p>10 Sm\u00e5 knapper til Mannsdrakten. Disse brukes p\u00e5 vesten<\/p>\n<p>S\u00f8lv 925S oksidert<\/p>\n","protected":false},"featured_media":0,"template":"","meta":{"_acf_changed":false},"product_cat":[1134],"class_list":{"0":"post-8758","1":"product","2":"type-product","3":"status-publish","5":"product_cat-altabunad","7":"first","8":"instock","9":"taxable","10":"shipping-taxable","11":"purchasable","12":"product-type-simple"},"acf":[],"_links":{"self":[{"href":"https:\/\/www.juhls.no\/en\/wp-json\/wp\/v2\/product\/8758","targetHints":{"allow":["GET"]}}],"collection":[{"href":"https:\/\/www.juhls.no\/en\/wp-json\/wp\/v2\/product"}],"about":[{"href":"https:\/\/www.juhls.no\/en\/wp-json\/wp\/v2\/types\/product"}],"wp:attachment":[{"href":"https:\/\/www.juhls.no\/en\/wp-json\/wp\/v2\/media?parent=8758"}],"wp:term":[{"taxonomy":"product_cat","embeddable":true,"href":"https:\/\/www.juhls.no\/en\/wp-json\/wp\/v2\/product_cat?post=8758"}],"curies":[{"name":"wp","href":"https:\/\/api.w.org\/{rel}","templated":true}]}}