{"id":8725,"date":"2021-06-02T17:01:04","date_gmt":"2021-06-02T15:01:04","guid":{"rendered":"https:\/\/juhls.wpenginepowered.com\/?post_type=product&#038;p=8725"},"modified":"2026-03-21T14:42:18","modified_gmt":"2026-03-21T13:42:18","slug":"finnmarksbunad-smahekter-3-par-nr-fmb06","status":"publish","type":"product","link":"https:\/\/www.juhls.no\/en\/vare-kolleksjoner\/bunad-silver\/finnmarksbunad\/finnmarksbunad-smahekter-3-par-nr-fmb06\/","title":{"rendered":"Nr. FMB06 Sm\u00e5hekter (3 par)"},"content":{"rendered":"","protected":false},"excerpt":{"rendered":"<p>3 par Sm\u00e5hekter. Disse h\u00f8rer til p\u00e5 vesten over midjehekta<\/p>\n<p>S\u00f8lv 925S<\/p>\n","protected":false},"featured_media":9881,"template":"","meta":{"_acf_changed":false},"product_cat":[1099],"class_list":{"0":"post-8725","1":"product","2":"type-product","3":"status-publish","4":"has-post-thumbnail","6":"product_cat-finnmarksbunad","8":"first","9":"instock","10":"taxable","11":"shipping-taxable","12":"purchasable","13":"product-type-simple"},"acf":[],"_links":{"self":[{"href":"https:\/\/www.juhls.no\/en\/wp-json\/wp\/v2\/product\/8725","targetHints":{"allow":["GET"]}}],"collection":[{"href":"https:\/\/www.juhls.no\/en\/wp-json\/wp\/v2\/product"}],"about":[{"href":"https:\/\/www.juhls.no\/en\/wp-json\/wp\/v2\/types\/product"}],"wp:featuredmedia":[{"embeddable":true,"href":"https:\/\/www.juhls.no\/en\/wp-json\/wp\/v2\/media\/9881"}],"wp:attachment":[{"href":"https:\/\/www.juhls.no\/en\/wp-json\/wp\/v2\/media?parent=8725"}],"wp:term":[{"taxonomy":"product_cat","embeddable":true,"href":"https:\/\/www.juhls.no\/en\/wp-json\/wp\/v2\/product_cat?post=8725"}],"curies":[{"name":"wp","href":"https:\/\/api.w.org\/{rel}","templated":true}]}}