{"id":8719,"date":"2021-06-03T11:12:52","date_gmt":"2021-06-03T09:12:52","guid":{"rendered":"https:\/\/juhls.wpenginepowered.com\/?post_type=product&#038;p=8719"},"modified":"2026-03-25T11:18:31","modified_gmt":"2026-03-25T10:18:31","slug":"fjellbygdsbunad-dapsnal-nr-fbb11","status":"publish","type":"product","link":"https:\/\/www.juhls.no\/en\/vare-kolleksjoner\/bunad-silver\/fjellbygdsbunad-2\/fjellbygdsbunad-dapsnal-nr-fbb11\/","title":{"rendered":"Nr. FBB11 D\u00e5psn\u00e5l"},"content":{"rendered":"","protected":false},"excerpt":{"rendered":"<p>D\u00e5psn\u00e5l<\/p>\n<p>S\u00f8lv925S<\/p>\n","protected":false},"featured_media":0,"template":"","meta":{"_acf_changed":false},"product_cat":[1101,1086,1156],"class_list":{"0":"post-8719","1":"product","2":"type-product","3":"status-publish","5":"product_cat-bunad-silver","6":"product_cat-fjellbygdsbunad","7":"product_cat-fjellbygdsbunad-2","9":"first","10":"instock","11":"taxable","12":"shipping-taxable","13":"purchasable","14":"product-type-simple"},"acf":[],"_links":{"self":[{"href":"https:\/\/www.juhls.no\/en\/wp-json\/wp\/v2\/product\/8719","targetHints":{"allow":["GET"]}}],"collection":[{"href":"https:\/\/www.juhls.no\/en\/wp-json\/wp\/v2\/product"}],"about":[{"href":"https:\/\/www.juhls.no\/en\/wp-json\/wp\/v2\/types\/product"}],"wp:attachment":[{"href":"https:\/\/www.juhls.no\/en\/wp-json\/wp\/v2\/media?parent=8719"}],"wp:term":[{"taxonomy":"product_cat","embeddable":true,"href":"https:\/\/www.juhls.no\/en\/wp-json\/wp\/v2\/product_cat?post=8719"}],"curies":[{"name":"wp","href":"https:\/\/api.w.org\/{rel}","templated":true}]}}