{"id":8713,"date":"2021-06-03T11:12:59","date_gmt":"2021-06-03T09:12:59","guid":{"rendered":"https:\/\/juhls.wpenginepowered.com\/vare-kolleksjoner\/uncategorized\/fjellbygdsbunad-stor-solje-nr-fbb02\/"},"modified":"2026-03-25T11:18:42","modified_gmt":"2026-03-25T10:18:42","slug":"fjellbygdsbunad-stor-solje-nr-fbb02","status":"publish","type":"product","link":"https:\/\/www.juhls.no\/en\/vare-kolleksjoner\/bunad-silver\/fjellbygdsbunad-2\/fjellbygdsbunad-stor-solje-nr-fbb02\/","title":{"rendered":"Nr. FBB02 Stor s\u00f8lje"},"content":{"rendered":"","protected":false},"excerpt":{"rendered":"<p>Hoveds\u00f8lja<\/p>\n<p>S\u00f8lv 925S, Sm\u00e5l\u00f8v 830<\/p>\n","protected":false},"featured_media":6851,"template":"","meta":{"_acf_changed":false},"product_cat":[1101,1086,1156],"class_list":{"0":"post-8713","1":"product","2":"type-product","3":"status-publish","4":"has-post-thumbnail","6":"product_cat-bunad-silver","7":"product_cat-fjellbygdsbunad","8":"product_cat-fjellbygdsbunad-2","10":"first","11":"instock","12":"taxable","13":"shipping-taxable","14":"purchasable","15":"product-type-simple"},"acf":[],"_links":{"self":[{"href":"https:\/\/www.juhls.no\/en\/wp-json\/wp\/v2\/product\/8713","targetHints":{"allow":["GET"]}}],"collection":[{"href":"https:\/\/www.juhls.no\/en\/wp-json\/wp\/v2\/product"}],"about":[{"href":"https:\/\/www.juhls.no\/en\/wp-json\/wp\/v2\/types\/product"}],"wp:featuredmedia":[{"embeddable":true,"href":"https:\/\/www.juhls.no\/en\/wp-json\/wp\/v2\/media\/6851"}],"wp:attachment":[{"href":"https:\/\/www.juhls.no\/en\/wp-json\/wp\/v2\/media?parent=8713"}],"wp:term":[{"taxonomy":"product_cat","embeddable":true,"href":"https:\/\/www.juhls.no\/en\/wp-json\/wp\/v2\/product_cat?post=8713"}],"curies":[{"name":"wp","href":"https:\/\/api.w.org\/{rel}","templated":true}]}}