{"id":8710,"date":"2021-06-03T11:13:03","date_gmt":"2021-06-03T09:13:03","guid":{"rendered":"https:\/\/juhls.wpenginepowered.com\/vare-kolleksjoner\/uncategorized\/fjellbygdsbunad-oreheng-nr-fbb07\/"},"modified":"2026-03-25T11:18:50","modified_gmt":"2026-03-25T10:18:50","slug":"fjellbygdsbunad-oreheng-nr-fbb07","status":"publish","type":"product","link":"https:\/\/www.juhls.no\/en\/vare-kolleksjoner\/bunad-silver\/fjellbygdsbunad-2\/fjellbygdsbunad-oreheng-nr-fbb07\/","title":{"rendered":"Nr. FBB07 \u00d8reheng"},"content":{"rendered":"","protected":false},"excerpt":{"rendered":"<p>\u00d8repynt<\/p>\n<p>S\u00f8lv 925S, sm\u00e5l\u00f8v 830<\/p>\n","protected":false},"featured_media":2665,"template":"","meta":{"_acf_changed":false},"product_cat":[1101,1086,1156],"class_list":{"0":"post-8710","1":"product","2":"type-product","3":"status-publish","4":"has-post-thumbnail","6":"product_cat-bunad-silver","7":"product_cat-fjellbygdsbunad","8":"product_cat-fjellbygdsbunad-2","10":"first","11":"instock","12":"taxable","13":"shipping-taxable","14":"purchasable","15":"product-type-simple"},"acf":[],"_links":{"self":[{"href":"https:\/\/www.juhls.no\/en\/wp-json\/wp\/v2\/product\/8710","targetHints":{"allow":["GET"]}}],"collection":[{"href":"https:\/\/www.juhls.no\/en\/wp-json\/wp\/v2\/product"}],"about":[{"href":"https:\/\/www.juhls.no\/en\/wp-json\/wp\/v2\/types\/product"}],"wp:featuredmedia":[{"embeddable":true,"href":"https:\/\/www.juhls.no\/en\/wp-json\/wp\/v2\/media\/2665"}],"wp:attachment":[{"href":"https:\/\/www.juhls.no\/en\/wp-json\/wp\/v2\/media?parent=8710"}],"wp:term":[{"taxonomy":"product_cat","embeddable":true,"href":"https:\/\/www.juhls.no\/en\/wp-json\/wp\/v2\/product_cat?post=8710"}],"curies":[{"name":"wp","href":"https:\/\/api.w.org\/{rel}","templated":true}]}}