{"id":8441,"date":"2021-06-03T11:41:06","date_gmt":"2021-06-03T09:41:06","guid":{"rendered":"https:\/\/juhls.wpenginepowered.com\/vare-kolleksjoner\/uncategorized\/orepynt-nr-176\/"},"modified":"2026-04-20T19:01:28","modified_gmt":"2026-04-20T17:01:28","slug":"orepynt-nr-176","status":"publish","type":"product","link":"https:\/\/www.juhls.no\/en\/vare-kolleksjoner\/historical\/earring\/orepynt-nr-176\/","title":{"rendered":"\u00d8repynt Nr. 176"},"content":{"rendered":"","protected":false},"excerpt":{"rendered":"<p>S\u00f8lv 925S l\u00f8v 830<\/p>\n<p>Glass stein<\/p>\n<p>St\u00f8rrelse: ca 12 x 43 mm (inkl. krok)<\/p>\n","protected":false},"featured_media":9426,"template":"","meta":{"_acf_changed":false},"product_cat":[668,677,669,1158],"class_list":{"0":"post-8441","1":"product","2":"type-product","3":"status-publish","4":"has-post-thumbnail","6":"product_cat-earring","7":"product_cat-historical","8":"product_cat-silver-for-sami-clothing","9":"product_cat-orepynt","11":"first","12":"instock","13":"taxable","14":"shipping-taxable","15":"purchasable","16":"product-type-variable"},"acf":[],"_links":{"self":[{"href":"https:\/\/www.juhls.no\/en\/wp-json\/wp\/v2\/product\/8441","targetHints":{"allow":["GET"]}}],"collection":[{"href":"https:\/\/www.juhls.no\/en\/wp-json\/wp\/v2\/product"}],"about":[{"href":"https:\/\/www.juhls.no\/en\/wp-json\/wp\/v2\/types\/product"}],"wp:featuredmedia":[{"embeddable":true,"href":"https:\/\/www.juhls.no\/en\/wp-json\/wp\/v2\/media\/9426"}],"wp:attachment":[{"href":"https:\/\/www.juhls.no\/en\/wp-json\/wp\/v2\/media?parent=8441"}],"wp:term":[{"taxonomy":"product_cat","embeddable":true,"href":"https:\/\/www.juhls.no\/en\/wp-json\/wp\/v2\/product_cat?post=8441"}],"curies":[{"name":"wp","href":"https:\/\/api.w.org\/{rel}","templated":true}]}}