{"id":8427,"date":"2021-06-03T11:41:32","date_gmt":"2021-06-03T09:41:32","guid":{"rendered":"https:\/\/juhls.wpenginepowered.com\/?post_type=product&#038;p=8427"},"modified":"2026-04-23T14:32:11","modified_gmt":"2026-04-23T12:32:11","slug":"harspenne-nr-harb-forgylt","status":"publish","type":"product","link":"https:\/\/www.juhls.no\/en\/vare-kolleksjoner\/silver-for-sami-clothing\/h-rspenne\/harspenne-nr-harb-forgylt\/","title":{"rendered":"H\u00e5rspenne Nr. H\u00e5rB, forgylt"},"content":{"rendered":"","protected":false},"excerpt":{"rendered":"<p>S\u00f8lv 925S med h\u00e5rspenne mekanisme i st\u00e5l<\/p>\n<p>Velg blandt fargekombinasjonene vi har satt sammen eller om<\/p>\n<p class=\"p1\">\u00a0du \u00f8nsker en annen fargekombinasjon, kan dette skrives i meldingsfeltet ved betaling.<\/p>\n","protected":false},"featured_media":9931,"template":"","meta":{"_acf_changed":false},"product_cat":[1217,669],"class_list":{"0":"post-8427","1":"product","2":"type-product","3":"status-publish","4":"has-post-thumbnail","6":"product_cat-h-rspenne","7":"product_cat-silver-for-sami-clothing","9":"first","10":"instock","11":"taxable","12":"shipping-taxable","13":"purchasable","14":"product-type-variable"},"acf":[],"_links":{"self":[{"href":"https:\/\/www.juhls.no\/en\/wp-json\/wp\/v2\/product\/8427","targetHints":{"allow":["GET"]}}],"collection":[{"href":"https:\/\/www.juhls.no\/en\/wp-json\/wp\/v2\/product"}],"about":[{"href":"https:\/\/www.juhls.no\/en\/wp-json\/wp\/v2\/types\/product"}],"wp:featuredmedia":[{"embeddable":true,"href":"https:\/\/www.juhls.no\/en\/wp-json\/wp\/v2\/media\/9931"}],"wp:attachment":[{"href":"https:\/\/www.juhls.no\/en\/wp-json\/wp\/v2\/media?parent=8427"}],"wp:term":[{"taxonomy":"product_cat","embeddable":true,"href":"https:\/\/www.juhls.no\/en\/wp-json\/wp\/v2\/product_cat?post=8427"}],"curies":[{"name":"wp","href":"https:\/\/api.w.org\/{rel}","templated":true}]}}