{"id":8426,"date":"2021-06-03T11:41:33","date_gmt":"2021-06-03T09:41:33","guid":{"rendered":"https:\/\/juhls.wpenginepowered.com\/?post_type=product&#038;p=8426"},"modified":"2026-04-20T18:31:52","modified_gmt":"2026-04-20T16:31:52","slug":"harspenne-nr-hare-forgylt","status":"publish","type":"product","link":"https:\/\/www.juhls.no\/en\/vare-kolleksjoner\/silver-for-sami-clothing\/h-rspenne\/harspenne-nr-hare-forgylt\/","title":{"rendered":"H\u00e5rspenne Nr. H\u00e5rE"},"content":{"rendered":"","protected":false},"excerpt":{"rendered":"<p>S\u00f8lv 925S, l\u00f8v 830<\/p>\n","protected":false},"featured_media":9943,"template":"","meta":{"_acf_changed":false},"product_cat":[1217,669],"class_list":{"0":"post-8426","1":"product","2":"type-product","3":"status-publish","4":"has-post-thumbnail","6":"product_cat-h-rspenne","7":"product_cat-silver-for-sami-clothing","9":"first","10":"instock","11":"taxable","12":"shipping-taxable","13":"purchasable","14":"product-type-simple"},"acf":[],"_links":{"self":[{"href":"https:\/\/www.juhls.no\/en\/wp-json\/wp\/v2\/product\/8426","targetHints":{"allow":["GET"]}}],"collection":[{"href":"https:\/\/www.juhls.no\/en\/wp-json\/wp\/v2\/product"}],"about":[{"href":"https:\/\/www.juhls.no\/en\/wp-json\/wp\/v2\/types\/product"}],"wp:featuredmedia":[{"embeddable":true,"href":"https:\/\/www.juhls.no\/en\/wp-json\/wp\/v2\/media\/9943"}],"wp:attachment":[{"href":"https:\/\/www.juhls.no\/en\/wp-json\/wp\/v2\/media?parent=8426"}],"wp:term":[{"taxonomy":"product_cat","embeddable":true,"href":"https:\/\/www.juhls.no\/en\/wp-json\/wp\/v2\/product_cat?post=8426"}],"curies":[{"name":"wp","href":"https:\/\/api.w.org\/{rel}","templated":true}]}}