{"id":8418,"date":"2021-06-03T11:41:42","date_gmt":"2021-06-03T09:41:42","guid":{"rendered":"https:\/\/juhls.wpenginepowered.com\/vare-kolleksjoner\/uncategorized\/risku-solje-nr-kori65_01hfg\/"},"modified":"2026-04-23T12:50:43","modified_gmt":"2026-04-23T10:50:43","slug":"risku-solje-nr-kori65_01hfg","status":"publish","type":"product","link":"https:\/\/www.juhls.no\/en\/vare-kolleksjoner\/silver-for-sami-clothing\/risku-solje-38-65cm\/risku-solje-nr-kori65_01hfg\/","title":{"rendered":"Risku\/S\u00f8lje Nr. KoRi65_01fgH"},"content":{"rendered":"","protected":false},"excerpt":{"rendered":"<p>S\u00f8lv 925S, Forgylte l\u00f8v 830 og ekstra hengel\u00f8v 925<br \/>\nSt\u00f8rrelse: 6,5cm i diameter<\/p>\n<p class=\"p1\">Her med A8 gressgr\u00f8nn i midten og A39 Sj\u00f8gr\u00f8nn rundt.<\/p>\n<p class=\"p1\">Valget i nedtrekksmenyen bestemmer midterste stein. Dersom ikke annet oppgis, vil alle steinene ha samme farge. \u00d8nsker du en annen fargekombinasjon, kan dette skrives i meldingsfeltet ved betaling.<\/p>\n","protected":false},"featured_media":6481,"template":"","meta":{"_acf_changed":false},"product_cat":[1167,669],"class_list":{"0":"post-8418","1":"product","2":"type-product","3":"status-publish","4":"has-post-thumbnail","6":"product_cat-risku-solje-38-65cm","7":"product_cat-silver-for-sami-clothing","9":"first","10":"instock","11":"taxable","12":"shipping-taxable","13":"purchasable","14":"product-type-variable"},"acf":[],"_links":{"self":[{"href":"https:\/\/www.juhls.no\/en\/wp-json\/wp\/v2\/product\/8418","targetHints":{"allow":["GET"]}}],"collection":[{"href":"https:\/\/www.juhls.no\/en\/wp-json\/wp\/v2\/product"}],"about":[{"href":"https:\/\/www.juhls.no\/en\/wp-json\/wp\/v2\/types\/product"}],"wp:featuredmedia":[{"embeddable":true,"href":"https:\/\/www.juhls.no\/en\/wp-json\/wp\/v2\/media\/6481"}],"wp:attachment":[{"href":"https:\/\/www.juhls.no\/en\/wp-json\/wp\/v2\/media?parent=8418"}],"wp:term":[{"taxonomy":"product_cat","embeddable":true,"href":"https:\/\/www.juhls.no\/en\/wp-json\/wp\/v2\/product_cat?post=8418"}],"curies":[{"name":"wp","href":"https:\/\/api.w.org\/{rel}","templated":true}]}}