{"id":8417,"date":"2021-06-03T11:41:44","date_gmt":"2021-06-03T09:41:44","guid":{"rendered":"https:\/\/juhls.wpenginepowered.com\/?post_type=product&#038;p=8417"},"modified":"2026-04-23T12:46:50","modified_gmt":"2026-04-23T10:46:50","slug":"risku-solje-nr-kori80_01fg","status":"publish","type":"product","link":"https:\/\/www.juhls.no\/en\/vare-kolleksjoner\/silver-for-sami-clothing\/risku-solje-67-95cm\/risku-solje-nr-kori80_01fg\/","title":{"rendered":"Risku\/S\u00f8lje Nr. KoRi80_01"},"content":{"rendered":"","protected":false},"excerpt":{"rendered":"<p>S\u00f8lv 925S L\u00f8v 830<\/p>\n<p>Valget i nedtrekksmenyen bestemmer midterste stein. Dersom ikke annet oppgis, vil alle steinene ha samme farge. \u00d8nsker du en annen fargekombinasjon, kan dette skrives i meldingsfeltet ved betaling.<\/p>\n","protected":false},"featured_media":0,"template":"","meta":{"_acf_changed":false},"product_cat":[1168,669],"class_list":{"0":"post-8417","1":"product","2":"type-product","3":"status-publish","5":"product_cat-risku-solje-67-95cm","6":"product_cat-silver-for-sami-clothing","8":"first","9":"instock","10":"taxable","11":"shipping-taxable","12":"purchasable","13":"product-type-variable"},"acf":[],"_links":{"self":[{"href":"https:\/\/www.juhls.no\/en\/wp-json\/wp\/v2\/product\/8417","targetHints":{"allow":["GET"]}}],"collection":[{"href":"https:\/\/www.juhls.no\/en\/wp-json\/wp\/v2\/product"}],"about":[{"href":"https:\/\/www.juhls.no\/en\/wp-json\/wp\/v2\/types\/product"}],"wp:attachment":[{"href":"https:\/\/www.juhls.no\/en\/wp-json\/wp\/v2\/media?parent=8417"}],"wp:term":[{"taxonomy":"product_cat","embeddable":true,"href":"https:\/\/www.juhls.no\/en\/wp-json\/wp\/v2\/product_cat?post=8417"}],"curies":[{"name":"wp","href":"https:\/\/api.w.org\/{rel}","templated":true}]}}