{"id":8412,"date":"2021-06-03T11:41:49","date_gmt":"2021-06-03T09:41:49","guid":{"rendered":"https:\/\/juhls.wpenginepowered.com\/?post_type=product&#038;p=8412"},"modified":"2026-04-20T17:09:27","modified_gmt":"2026-04-20T15:09:27","slug":"risku-solje-nr-kori100_02fg","status":"publish","type":"product","link":"https:\/\/www.juhls.no\/en\/vare-kolleksjoner\/silver-for-sami-clothing\/risku-solje-10-12-cm\/risku-solje-nr-kori100_02fg\/","title":{"rendered":"Risku\/S\u00f8lje Nr. KoRi100_02fg"},"content":{"rendered":"","protected":false},"excerpt":{"rendered":"<p>S\u00f8lv 925S, l\u00f8v 830<\/p>\n<p>Diameter: 10 cm<\/p>\n","protected":false},"featured_media":0,"template":"","meta":{"_acf_changed":false},"product_cat":[1166,669],"class_list":{"0":"post-8412","1":"product","2":"type-product","3":"status-publish","5":"product_cat-risku-solje-10-12-cm","6":"product_cat-silver-for-sami-clothing","8":"first","9":"outofstock","10":"taxable","11":"shipping-taxable","12":"purchasable","13":"product-type-simple"},"acf":[],"_links":{"self":[{"href":"https:\/\/www.juhls.no\/en\/wp-json\/wp\/v2\/product\/8412","targetHints":{"allow":["GET"]}}],"collection":[{"href":"https:\/\/www.juhls.no\/en\/wp-json\/wp\/v2\/product"}],"about":[{"href":"https:\/\/www.juhls.no\/en\/wp-json\/wp\/v2\/types\/product"}],"wp:attachment":[{"href":"https:\/\/www.juhls.no\/en\/wp-json\/wp\/v2\/media?parent=8412"}],"wp:term":[{"taxonomy":"product_cat","embeddable":true,"href":"https:\/\/www.juhls.no\/en\/wp-json\/wp\/v2\/product_cat?post=8412"}],"curies":[{"name":"wp","href":"https:\/\/api.w.org\/{rel}","templated":true}]}}