{"id":8400,"date":"2021-06-03T11:42:03","date_gmt":"2021-06-03T09:42:03","guid":{"rendered":"https:\/\/juhls.wpenginepowered.com\/?post_type=product&#038;p=8400"},"modified":"2026-04-23T12:49:19","modified_gmt":"2026-04-23T10:49:19","slug":"risku-solje-nr-kori110_02fg","status":"publish","type":"product","link":"https:\/\/www.juhls.no\/en\/vare-kolleksjoner\/silver-for-sami-clothing\/risku-solje-10-12-cm\/risku-solje-nr-kori110_02fg\/","title":{"rendered":"Risku\/S\u00f8lje Nr. KoRi110_02fg"},"content":{"rendered":"","protected":false},"excerpt":{"rendered":"<p>S\u00f8lv 925S,Forgylte l\u00f8v 830<br \/>\nSt\u00f8rrelse: 11cm i diameter<\/p>\n<p>&nbsp;<\/p>\n<p class=\"p1\">Valget i nedtrekksmenyen bestemmer midterste stein. Dersom ikke annet oppgis, vil alle steinene ha samme farge. \u00d8nsker du en annen fargekombinasjon, kan dette skrives i meldingsfeltet ved betaling.<\/p>\n","protected":false},"featured_media":0,"template":"","meta":{"_acf_changed":false},"product_cat":[1166,669],"class_list":{"0":"post-8400","1":"product","2":"type-product","3":"status-publish","5":"product_cat-risku-solje-10-12-cm","6":"product_cat-silver-for-sami-clothing","8":"first","9":"instock","10":"taxable","11":"shipping-taxable","12":"purchasable","13":"product-type-variable"},"acf":[],"_links":{"self":[{"href":"https:\/\/www.juhls.no\/en\/wp-json\/wp\/v2\/product\/8400","targetHints":{"allow":["GET"]}}],"collection":[{"href":"https:\/\/www.juhls.no\/en\/wp-json\/wp\/v2\/product"}],"about":[{"href":"https:\/\/www.juhls.no\/en\/wp-json\/wp\/v2\/types\/product"}],"wp:attachment":[{"href":"https:\/\/www.juhls.no\/en\/wp-json\/wp\/v2\/media?parent=8400"}],"wp:term":[{"taxonomy":"product_cat","embeddable":true,"href":"https:\/\/www.juhls.no\/en\/wp-json\/wp\/v2\/product_cat?post=8400"}],"curies":[{"name":"wp","href":"https:\/\/api.w.org\/{rel}","templated":true}]}}