{"id":8393,"date":"2021-06-03T11:42:13","date_gmt":"2021-06-03T09:42:13","guid":{"rendered":"https:\/\/juhls.wpenginepowered.com\/?post_type=product&#038;p=8393"},"modified":"2026-04-18T18:36:20","modified_gmt":"2026-04-18T16:36:20","slug":"risku-solje-nr-kori50_01fg","status":"publish","type":"product","link":"https:\/\/www.juhls.no\/en\/vare-kolleksjoner\/silver-for-sami-clothing\/risku-solje-38-65cm\/risku-solje-nr-kori50_01fg\/","title":{"rendered":"Risku\/S\u00f8lje Nr. KoRi50_01fg"},"content":{"rendered":"","protected":false},"excerpt":{"rendered":"<p>S\u00f8lv 925S,Forgylte l\u00f8v 830<\/p>\n<p>Diameter 50 mm<\/p>\n","protected":false},"featured_media":0,"template":"","meta":{"_acf_changed":false},"product_cat":[1167,669],"class_list":{"0":"post-8393","1":"product","2":"type-product","3":"status-publish","5":"product_cat-risku-solje-38-65cm","6":"product_cat-silver-for-sami-clothing","8":"first","9":"instock","10":"taxable","11":"shipping-taxable","12":"purchasable","13":"product-type-variable"},"acf":[],"_links":{"self":[{"href":"https:\/\/www.juhls.no\/en\/wp-json\/wp\/v2\/product\/8393","targetHints":{"allow":["GET"]}}],"collection":[{"href":"https:\/\/www.juhls.no\/en\/wp-json\/wp\/v2\/product"}],"about":[{"href":"https:\/\/www.juhls.no\/en\/wp-json\/wp\/v2\/types\/product"}],"wp:attachment":[{"href":"https:\/\/www.juhls.no\/en\/wp-json\/wp\/v2\/media?parent=8393"}],"wp:term":[{"taxonomy":"product_cat","embeddable":true,"href":"https:\/\/www.juhls.no\/en\/wp-json\/wp\/v2\/product_cat?post=8393"}],"curies":[{"name":"wp","href":"https:\/\/api.w.org\/{rel}","templated":true}]}}