{"id":7751,"date":"2021-06-03T11:46:30","date_gmt":"2021-06-03T09:46:30","guid":{"rendered":"https:\/\/juhls.wpenginepowered.com\/vare-kolleksjoner\/uncategorized\/nokkelring-nr-815\/"},"modified":"2026-04-15T13:21:01","modified_gmt":"2026-04-15T11:21:01","slug":"nokkelring-nr-815","status":"publish","type":"product","link":"https:\/\/www.juhls.no\/en\/vare-kolleksjoner\/tundra-en\/keyring-tundra\/nokkelring-nr-815\/","title":{"rendered":"N\u00f8kkelring Nr. 815"},"content":{"rendered":"","protected":false},"excerpt":{"rendered":"<p>S\u00f8lv 925 med st\u00e5l n\u00f8kkelring<\/p>\n","protected":false},"featured_media":3343,"template":"","meta":{"_acf_changed":false},"product_cat":[659,236],"class_list":{"0":"post-7751","1":"product","2":"type-product","3":"status-publish","4":"has-post-thumbnail","6":"product_cat-keyring-tundra","7":"product_cat-tundra-en","9":"first","10":"instock","11":"taxable","12":"shipping-taxable","13":"purchasable","14":"product-type-simple"},"acf":[],"_links":{"self":[{"href":"https:\/\/www.juhls.no\/en\/wp-json\/wp\/v2\/product\/7751","targetHints":{"allow":["GET"]}}],"collection":[{"href":"https:\/\/www.juhls.no\/en\/wp-json\/wp\/v2\/product"}],"about":[{"href":"https:\/\/www.juhls.no\/en\/wp-json\/wp\/v2\/types\/product"}],"wp:featuredmedia":[{"embeddable":true,"href":"https:\/\/www.juhls.no\/en\/wp-json\/wp\/v2\/media\/3343"}],"wp:attachment":[{"href":"https:\/\/www.juhls.no\/en\/wp-json\/wp\/v2\/media?parent=7751"}],"wp:term":[{"taxonomy":"product_cat","embeddable":true,"href":"https:\/\/www.juhls.no\/en\/wp-json\/wp\/v2\/product_cat?post=7751"}],"curies":[{"name":"wp","href":"https:\/\/api.w.org\/{rel}","templated":true}]}}