{"id":7479,"date":"2022-04-11T15:39:05","date_gmt":"2022-04-11T13:39:05","guid":{"rendered":"https:\/\/juhls.wpenginepowered.com\/?post_type=product&#038;p=7479"},"modified":"2026-04-23T14:33:15","modified_gmt":"2026-04-23T12:33:15","slug":"harspenne-nr-har-g","status":"publish","type":"product","link":"https:\/\/www.juhls.no\/en\/vare-kolleksjoner\/silver-for-sami-clothing\/h-rspenne\/harspenne-nr-har-g\/","title":{"rendered":"H\u00e5rspenne Nr. H\u00e5r G"},"content":{"rendered":"","protected":false},"excerpt":{"rendered":"<p>S\u00f8lv 925S p\u00e5 vanlig h\u00e5rklemme<\/p>\n<p>Pris per par<\/p>\n","protected":false},"featured_media":9953,"template":"","meta":{"_acf_changed":false},"product_cat":[1217,669],"class_list":{"0":"post-7479","1":"product","2":"type-product","3":"status-publish","4":"has-post-thumbnail","6":"product_cat-h-rspenne","7":"product_cat-silver-for-sami-clothing","9":"first","10":"instock","11":"taxable","12":"shipping-taxable","13":"purchasable","14":"product-type-variable"},"acf":[],"_links":{"self":[{"href":"https:\/\/www.juhls.no\/en\/wp-json\/wp\/v2\/product\/7479","targetHints":{"allow":["GET"]}}],"collection":[{"href":"https:\/\/www.juhls.no\/en\/wp-json\/wp\/v2\/product"}],"about":[{"href":"https:\/\/www.juhls.no\/en\/wp-json\/wp\/v2\/types\/product"}],"wp:featuredmedia":[{"embeddable":true,"href":"https:\/\/www.juhls.no\/en\/wp-json\/wp\/v2\/media\/9953"}],"wp:attachment":[{"href":"https:\/\/www.juhls.no\/en\/wp-json\/wp\/v2\/media?parent=7479"}],"wp:term":[{"taxonomy":"product_cat","embeddable":true,"href":"https:\/\/www.juhls.no\/en\/wp-json\/wp\/v2\/product_cat?post=7479"}],"curies":[{"name":"wp","href":"https:\/\/api.w.org\/{rel}","templated":true}]}}