{"id":7478,"date":"2022-04-11T15:47:06","date_gmt":"2022-04-11T13:47:06","guid":{"rendered":"https:\/\/juhls.wpenginepowered.com\/vare-kolleksjoner\/uncategorized\/ring-nr-269\/"},"modified":"2026-04-20T21:52:08","modified_gmt":"2026-04-20T19:52:08","slug":"ring-nr-269","status":"publish","type":"product","link":"https:\/\/www.juhls.no\/en\/vare-kolleksjoner\/historical\/ring-historical\/ring-nr-269\/","title":{"rendered":"Ring Nr. 269"},"content":{"rendered":"","protected":false},"excerpt":{"rendered":"<p>Ring<\/p>\n<p>S\u00f8lv 925S<\/p>\n<p>Glass steiner<\/p>\n<p class=\"p1\">Valget i nedtrekksmenyen bestemmer midterste stein.<span class=\"Apple-converted-space\">\u00a0De sm\u00e5 p\u00e5 hver side finnes kun i f\u00e5 farger. Der samme farge ikke finnes blir de ytterset blank.\u00a0<\/span><\/p>\n<p>&nbsp;<\/p>\n","protected":false},"featured_media":9464,"template":"","meta":{"_acf_changed":false},"product_cat":[677,664,1165,669],"class_list":{"0":"post-7478","1":"product","2":"type-product","3":"status-publish","4":"has-post-thumbnail","6":"product_cat-historical","7":"product_cat-ring-historical","8":"product_cat-ring-2","9":"product_cat-silver-for-sami-clothing","11":"first","12":"instock","13":"taxable","14":"shipping-taxable","15":"purchasable","16":"product-type-variable"},"acf":[],"_links":{"self":[{"href":"https:\/\/www.juhls.no\/en\/wp-json\/wp\/v2\/product\/7478","targetHints":{"allow":["GET"]}}],"collection":[{"href":"https:\/\/www.juhls.no\/en\/wp-json\/wp\/v2\/product"}],"about":[{"href":"https:\/\/www.juhls.no\/en\/wp-json\/wp\/v2\/types\/product"}],"wp:featuredmedia":[{"embeddable":true,"href":"https:\/\/www.juhls.no\/en\/wp-json\/wp\/v2\/media\/9464"}],"wp:attachment":[{"href":"https:\/\/www.juhls.no\/en\/wp-json\/wp\/v2\/media?parent=7478"}],"wp:term":[{"taxonomy":"product_cat","embeddable":true,"href":"https:\/\/www.juhls.no\/en\/wp-json\/wp\/v2\/product_cat?post=7478"}],"curies":[{"name":"wp","href":"https:\/\/api.w.org\/{rel}","templated":true}]}}