{"id":7384,"date":"2023-10-26T14:48:41","date_gmt":"2023-10-26T12:48:41","guid":{"rendered":"https:\/\/juhls.wpenginepowered.com\/vare-kolleksjoner\/uncategorized\/solje-nr-114-forgylte-lov\/"},"modified":"2026-04-15T13:10:21","modified_gmt":"2026-04-15T11:10:21","slug":"solje-nr-114-forgylte-lov","status":"publish","type":"product","link":"https:\/\/www.juhls.no\/en\/vare-kolleksjoner\/historical\/brooch\/solje-nr-114-forgylte-lov\/","title":{"rendered":"S\u00f8lje Nr. 114 Forgylte l\u00f8v"},"content":{"rendered":"","protected":false},"excerpt":{"rendered":"<p>S\u00f8lje med forgylte l\u00f8v<\/p>\n<p>S\u00f8lv 925S l\u00f8v 830<\/p>\n<p>&nbsp;<\/p>\n","protected":false},"featured_media":9575,"template":"","meta":{"_acf_changed":false},"product_cat":[681,677],"class_list":{"0":"post-7384","1":"product","2":"type-product","3":"status-publish","4":"has-post-thumbnail","6":"product_cat-brooch","7":"product_cat-historical","9":"first","10":"instock","11":"featured","12":"taxable","13":"shipping-taxable","14":"purchasable","15":"product-type-simple"},"acf":[],"_links":{"self":[{"href":"https:\/\/www.juhls.no\/en\/wp-json\/wp\/v2\/product\/7384","targetHints":{"allow":["GET"]}}],"collection":[{"href":"https:\/\/www.juhls.no\/en\/wp-json\/wp\/v2\/product"}],"about":[{"href":"https:\/\/www.juhls.no\/en\/wp-json\/wp\/v2\/types\/product"}],"wp:featuredmedia":[{"embeddable":true,"href":"https:\/\/www.juhls.no\/en\/wp-json\/wp\/v2\/media\/9575"}],"wp:attachment":[{"href":"https:\/\/www.juhls.no\/en\/wp-json\/wp\/v2\/media?parent=7384"}],"wp:term":[{"taxonomy":"product_cat","embeddable":true,"href":"https:\/\/www.juhls.no\/en\/wp-json\/wp\/v2\/product_cat?post=7384"}],"curies":[{"name":"wp","href":"https:\/\/api.w.org\/{rel}","templated":true}]}}