{"id":14655,"date":"2026-04-21T15:42:47","date_gmt":"2026-04-21T13:42:47","guid":{"rendered":"https:\/\/juhls.wpenginepowered.com\/?post_type=product&#038;p=14655"},"modified":"2026-04-22T10:18:48","modified_gmt":"2026-04-22T08:18:48","slug":"risku-solje-nr-kori-110_12","status":"publish","type":"product","link":"https:\/\/www.juhls.no\/en\/vare-kolleksjoner\/silver-for-sami-clothing\/risku-solje-10-12-cm\/risku-solje-nr-kori-110_12\/","title":{"rendered":"Risku\/s\u00f8lje Nr.KoRi 110_12"},"content":{"rendered":"","protected":false},"excerpt":{"rendered":"<p>S\u00f8lv 925S l\u00f8v 830<\/p>\n<p>St\u00f8rrelse:11 cm i diameter<\/p>\n<p class=\"p1\">Valget i nedtrekksmenyen bestemmer midterste stein. Dersom ikke annet oppgis, vil alle steinene ha samme farge. \u00d8nsker du en annen fargekombinasjon, kan dette skrives i meldingsfeltet ved betaling.<\/p>\n","protected":false},"featured_media":9972,"template":"","meta":{"_acf_changed":false},"product_cat":[81,1163,100],"class_list":{"0":"post-14655","1":"product","2":"type-product","3":"status-publish","4":"has-post-thumbnail","6":"product_cat-gaktesilba","7":"product_cat-risku-solje-10-12-cm","8":"product_cat-uncategorized","10":"first","11":"instock","12":"taxable","13":"shipping-taxable","14":"product-type-variable"},"acf":[],"_links":{"self":[{"href":"https:\/\/www.juhls.no\/en\/wp-json\/wp\/v2\/product\/14655","targetHints":{"allow":["GET"]}}],"collection":[{"href":"https:\/\/www.juhls.no\/en\/wp-json\/wp\/v2\/product"}],"about":[{"href":"https:\/\/www.juhls.no\/en\/wp-json\/wp\/v2\/types\/product"}],"wp:featuredmedia":[{"embeddable":true,"href":"https:\/\/www.juhls.no\/en\/wp-json\/wp\/v2\/media\/9972"}],"wp:attachment":[{"href":"https:\/\/www.juhls.no\/en\/wp-json\/wp\/v2\/media?parent=14655"}],"wp:term":[{"taxonomy":"product_cat","embeddable":true,"href":"https:\/\/www.juhls.no\/en\/wp-json\/wp\/v2\/product_cat?post=14655"}],"curies":[{"name":"wp","href":"https:\/\/api.w.org\/{rel}","templated":true}]}}