{"id":14109,"date":"2026-04-20T18:33:46","date_gmt":"2026-04-20T16:33:46","guid":{"rendered":"https:\/\/juhls.wpenginepowered.com\/?post_type=product&#038;p=14109"},"modified":"2026-04-20T18:33:46","modified_gmt":"2026-04-20T16:33:46","slug":"harspenne-e-fg","status":"publish","type":"product","link":"https:\/\/www.juhls.no\/en\/vare-kolleksjoner\/silver-for-sami-clothing\/h-rspenne\/harspenne-e-fg\/","title":{"rendered":"H\u00e5rspenne E fg"},"content":{"rendered":"","protected":false},"excerpt":{"rendered":"<p>S\u00f8lv 925S med forgylt l\u00f8v 830<\/p>\n<p>Pris er for par<\/p>\n","protected":false},"featured_media":0,"template":"","meta":{"_acf_changed":false},"product_cat":[84],"class_list":{"0":"post-14109","1":"product","2":"type-product","3":"status-publish","5":"product_cat-h-rspenne","7":"first","8":"instock","9":"taxable","10":"shipping-taxable","11":"purchasable","12":"product-type-simple"},"acf":[],"_links":{"self":[{"href":"https:\/\/www.juhls.no\/en\/wp-json\/wp\/v2\/product\/14109","targetHints":{"allow":["GET"]}}],"collection":[{"href":"https:\/\/www.juhls.no\/en\/wp-json\/wp\/v2\/product"}],"about":[{"href":"https:\/\/www.juhls.no\/en\/wp-json\/wp\/v2\/types\/product"}],"wp:attachment":[{"href":"https:\/\/www.juhls.no\/en\/wp-json\/wp\/v2\/media?parent=14109"}],"wp:term":[{"taxonomy":"product_cat","embeddable":true,"href":"https:\/\/www.juhls.no\/en\/wp-json\/wp\/v2\/product_cat?post=14109"}],"curies":[{"name":"wp","href":"https:\/\/api.w.org\/{rel}","templated":true}]}}