{"id":12566,"date":"2026-04-19T15:09:21","date_gmt":"2026-04-19T13:09:21","guid":{"rendered":"https:\/\/juhls.wpenginepowered.com\/?post_type=product&#038;p=12566"},"modified":"2026-04-22T10:17:26","modified_gmt":"2026-04-22T08:17:26","slug":"risku-solje-kori95_02fg","status":"publish","type":"product","link":"https:\/\/www.juhls.no\/en\/vare-kolleksjoner\/silver-for-sami-clothing\/risku-solje-67-95cm\/risku-solje-kori95_02fg\/","title":{"rendered":"Risku\/s\u00f8lje KoRi95_02fg"},"content":{"rendered":"","protected":false},"excerpt":{"rendered":"<p>S\u00f8lv 925S med forgylte l\u00f8v og glassperler<\/p>\n<p class=\"p1\">Dersom ikke annet oppgis, vil alle perlene ha samme farge. \u00d8nsker du en annen fargekombinasjon, kan dette skrives i meldingsfeltet ved betaling.Obs!- p.g.a antallet er det\u00a0 kun mulig med samme farge p\u00e5 alle perler eller 3 forskjellige farger.<\/p>\n<p>St\u00f8rrelse:10 cm i diameter<\/p>\n<p>P\u00e5 bilde nr.2:<\/p>\n<p class=\"p1\">Valget i nedtrekksmenyen bestemmer midterste stein. Dersom ikke annet oppgis, vil alle steinene ha samme farge. \u00d8nsker du en annen fargekombinasjon, kan dette skrives i meldingsfeltet ved betaling.<\/p>\n","protected":false},"featured_media":0,"template":"","meta":{"_acf_changed":false},"product_cat":[81,1162],"class_list":{"0":"post-12566","1":"product","2":"type-product","3":"status-publish","5":"product_cat-gaktesilba","6":"product_cat-risku-solje-67-95cm","8":"first","9":"instock","10":"taxable","11":"shipping-taxable","12":"purchasable","13":"product-type-variable"},"acf":[],"_links":{"self":[{"href":"https:\/\/www.juhls.no\/en\/wp-json\/wp\/v2\/product\/12566","targetHints":{"allow":["GET"]}}],"collection":[{"href":"https:\/\/www.juhls.no\/en\/wp-json\/wp\/v2\/product"}],"about":[{"href":"https:\/\/www.juhls.no\/en\/wp-json\/wp\/v2\/types\/product"}],"wp:attachment":[{"href":"https:\/\/www.juhls.no\/en\/wp-json\/wp\/v2\/media?parent=12566"}],"wp:term":[{"taxonomy":"product_cat","embeddable":true,"href":"https:\/\/www.juhls.no\/en\/wp-json\/wp\/v2\/product_cat?post=12566"}],"curies":[{"name":"wp","href":"https:\/\/api.w.org\/{rel}","templated":true}]}}