{"id":12465,"date":"2026-04-19T15:01:50","date_gmt":"2026-04-19T13:01:50","guid":{"rendered":"https:\/\/juhls.wpenginepowered.com\/?post_type=product&#038;p=12465"},"modified":"2026-04-22T10:27:04","modified_gmt":"2026-04-22T08:27:04","slug":"risku-solje-kori95_02","status":"publish","type":"product","link":"https:\/\/www.juhls.no\/en\/vare-kolleksjoner\/silver-for-sami-clothing\/risku-solje-67-95cm\/risku-solje-kori95_02\/","title":{"rendered":"Risku\/s\u00f8lje KoRi95_02"},"content":{"rendered":"","protected":false},"excerpt":{"rendered":"<p>S\u00f8lv 925S, L\u00f8v 830<\/p>\n<p>St\u00f8rrelse:95 mm i diameter<\/p>\n<p>Her vist med D26 Turkis i midten(stor), F8 (F2) Rosa i innerste rad og D22 lysebl\u00e5 i ytterset rad<\/p>\n<p>P\u00e5 bilde nr.2: V20 (stor) lilla i midten, A39 Sj\u00f8gr\u00f8nn innerste rad ,G22 Lilla ytterste rad<\/p>\n<p class=\"p1\">Valget i nedtrekksmenyen bestemmer midterste stein. Dersom ikke annet oppgis, vil alle steinene ha samme farge. \u00d8nsker du en annen fargekombinasjon, kan dette skrives i meldingsfeltet ved betaling.<\/p>\n","protected":false},"featured_media":9976,"template":"","meta":{"_acf_changed":false},"product_cat":[81,1162],"class_list":{"0":"post-12465","1":"product","2":"type-product","3":"status-publish","4":"has-post-thumbnail","6":"product_cat-gaktesilba","7":"product_cat-risku-solje-67-95cm","9":"first","10":"instock","11":"taxable","12":"shipping-taxable","13":"purchasable","14":"product-type-variable"},"acf":[],"_links":{"self":[{"href":"https:\/\/www.juhls.no\/en\/wp-json\/wp\/v2\/product\/12465","targetHints":{"allow":["GET"]}}],"collection":[{"href":"https:\/\/www.juhls.no\/en\/wp-json\/wp\/v2\/product"}],"about":[{"href":"https:\/\/www.juhls.no\/en\/wp-json\/wp\/v2\/types\/product"}],"wp:featuredmedia":[{"embeddable":true,"href":"https:\/\/www.juhls.no\/en\/wp-json\/wp\/v2\/media\/9976"}],"wp:attachment":[{"href":"https:\/\/www.juhls.no\/en\/wp-json\/wp\/v2\/media?parent=12465"}],"wp:term":[{"taxonomy":"product_cat","embeddable":true,"href":"https:\/\/www.juhls.no\/en\/wp-json\/wp\/v2\/product_cat?post=12465"}],"curies":[{"name":"wp","href":"https:\/\/api.w.org\/{rel}","templated":true}]}}